{"id":190,"date":"2021-09-13T10:17:17","date_gmt":"2021-09-13T10:17:17","guid":{"rendered":"http:\/\/cas.polito.it\/ART2021\/?page_id=190"},"modified":"2022-03-17T22:45:05","modified_gmt":"2022-03-17T22:45:05","slug":"advance-program","status":"publish","type":"page","link":"https:\/\/cas.polito.it\/eARTS2022\/index.php\/advance-program\/","title":{"rendered":"Advance Program"},"content":{"rendered":"<p>&nbsp;<\/p>\n<table class=\"alignleft\" style=\"height: 164px; layout: fixed;\" width=\"100%\">\n<tbody>\n<tr>\n<th colspan=\"2\">\n<h1 class=\"text-align-left\"><strong>Morning sessions<\/strong><\/h1>\n<\/th>\n<\/tr>\n<tr>\n<th style=\"white-space: nowrap; width: 154px;\">8:30 &#8211; 8:40 CET<\/th>\n<td style=\"text-align: left; width: 850px;\"><strong>Opening<\/strong><\/td>\n<\/tr>\n<tr>\n<th style=\"white-space: nowrap; width: 154px;\">8:40 &#8211; 9:40 CET<\/th>\n<td style=\"text-align: left; width: 850px;\"><strong>Keynote:<em> From combustion towards electrical cars<\/em><\/strong><\/td>\n<\/tr>\n<tr>\n<th style=\"white-space: nowrap; width: 154px;\">9:40 &#8211; 10:00 CET<\/th>\n<td style=\"text-align: left; width: 850px;\"><strong>Break<\/strong><\/td>\n<\/tr>\n<tr>\n<th style=\"white-space: nowrap; width: 154px;\">10:00 &#8211; 11:00 CET<\/th>\n<td style=\"text-align: left; width: 850px;\"><strong>Technical Session 1: <em>Applications, Machine Learning and System-level Test<\/em><br \/>\n<\/strong><\/td>\n<\/tr>\n<tr>\n<th style=\"white-space: nowrap; width: 154px;\">11:00 &#8211; 12:00 CET<\/th>\n<td style=\"width: 850px;\"><strong>Special Session 1:<em> Design-for-dependability for AI hardware accelerators in the edge<\/em><\/strong><\/td>\n<\/tr>\n<tr>\n<th style=\"white-space: nowrap; width: 154px;\">12:00 &#8211; 13:00 CET<\/th>\n<td style=\"text-align: left; width: 850px;\"><strong>Technical Session 2: <em>Testing<\/em> <\/strong><\/td>\n<\/tr>\n<tr>\n<th style=\"white-space: nowrap; width: 154px;\">13:00 &#8211; 14:30 CET<\/th>\n<td style=\"text-align: left; width: 850px;\"><strong>Lunch break<\/strong><\/td>\n<\/tr>\n<\/tbody>\n<\/table>\n<table class=\"alignleft\" style=\"height: 164px; layout: fixed;\" width=\"100%\">\n<tbody>\n<tr>\n<th colspan=\"2\">\n<h1 class=\"text-align-left\"><strong>Afternoon sessions<\/strong><\/h1>\n<\/th>\n<\/tr>\n<tr>\n<th style=\"white-space: nowrap; width: 156px;\">14:30 &#8211; 15:30 CET<\/th>\n<td style=\"text-align: left; width: 848px;\"><strong>Technical Session 3: <em>Reliability and Safety<\/em> <\/strong><\/td>\n<\/tr>\n<tr>\n<th style=\"white-space: nowrap; width: 156px;\">15:30 &#8211; 16:10 CET<\/th>\n<td style=\"text-align: left; width: 848px;\"><strong>Embedded Tutorial: <em>IEEE P2851 advancements<\/em><\/strong><\/td>\n<\/tr>\n<tr>\n<th style=\"white-space: nowrap; width: 156px;\">16:10 &#8211; 16:30 CET<\/th>\n<td style=\"text-align: left; width: 848px;\"><strong>Break<\/strong><\/td>\n<\/tr>\n<tr>\n<th style=\"white-space: nowrap; width: 156px;\">16:30 &#8211; 17:30 CET<\/th>\n<td style=\"text-align: left; width: 848px;\"><strong>Special Session 2: <em><strong>The challenges of reaching zero defect and functional safety \u2013 and how the EDA industry tackles them<\/strong> <\/em><\/strong><\/td>\n<\/tr>\n<tr>\n<th style=\"white-space: nowrap; width: 156px;\">17:30 &#8211; 18:30 CET<\/th>\n<td style=\"text-align: left; width: 848px;\"><strong>Panel:<em> What are the limitations of EDA tools with respect to zero defects and FuSa?<\/em><\/strong><\/td>\n<\/tr>\n<tr>\n<th style=\"white-space: nowrap; width: 156px;\">18:30 &#8211; 18:45 CET<\/th>\n<td style=\"text-align: left; width: 848px;\"><strong>Closing<\/strong><\/td>\n<\/tr>\n<\/tbody>\n<\/table>\n<p>&nbsp;<\/p>\n<hr \/>\n<p><strong>8:30-8:40 CET \u2013 Opening<br \/>\n<\/strong><br \/>\n<em><strong>Chairs<\/strong><\/em>:<\/p>\n<ul>\n<li>Paolo Bernardi (Politecnico di Torino)<\/li>\n<li>Yervant Zorian (Synopsys)<\/li>\n<li>Riccardo Cantoro (Politecnico di Torino)<\/li>\n<li>Wim Dobbelaere (onsemi)<\/li>\n<\/ul>\n<hr \/>\n<p><a id=\"keynote\"><\/a><strong>8:40-9:40 CET \u2013 Keynote: From combustion towards electrical cars<\/strong><\/p>\n<p><strong>Moderator<\/strong>: <em>Paolo Bernardi (Politecnico di Torino)<\/em><\/p>\n<p><img loading=\"lazy\" class=\"size-medium wp-image-393 alignleft\" src=\"http:\/\/cas.polito.it\/eARTS2022\/wp-content\/uploads\/2022\/02\/groppo-218x300.png\" alt=\"\" width=\"218\" height=\"300\" srcset=\"https:\/\/cas.polito.it\/eARTS2022\/wp-content\/uploads\/2022\/02\/groppo-218x300.png 218w, https:\/\/cas.polito.it\/eARTS2022\/wp-content\/uploads\/2022\/02\/groppo-744x1024.png 744w, https:\/\/cas.polito.it\/eARTS2022\/wp-content\/uploads\/2022\/02\/groppo-768x1057.png 768w, https:\/\/cas.polito.it\/eARTS2022\/wp-content\/uploads\/2022\/02\/groppo-1116x1536.png 1116w, https:\/\/cas.polito.it\/eARTS2022\/wp-content\/uploads\/2022\/02\/groppo.png 1253w\" sizes=\"(max-width: 218px) 100vw, 218px\" \/><\/p>\n<p><em><strong>Speaker<\/strong>: Riccardo Groppo (Ideas &amp; Motion)<\/em><\/p>\n<p><em><strong>Short bio<\/strong><\/em>: <em><strong>Riccardo Groppo<\/strong><\/em> <em>took his MSc degree in Electronic Engineering at the Politecnico of Torino (Torino, Italy). He is the co-founder and CEO of Ideas &amp; Motion, a high-tech company focused on IP development on silicon and design of complex automotive control systems for niche applications. He is the Chairman of Transportation Working Group and Board Vice-Chairman within EPoSS (European Platform on Smart Systems Integration). He is Member of the Technical Committee in some relevant events worldwide (SAE World Congress, AMAA Conference and Smart System Integration Conference). He started his career with Honeywell Bull and then joined Centro Ricerche FIAT (CRF) in 1989, where he was involved in the design of innovative engine\/vehicle automotive control systems. He was a member of the CRF team who developed the first automotive Common Rail system for a direct injection Diesel engine. Then he was involved in the design and industrialization of the MultiAir Technology and the Dry Dual Clutch transmission. He has been the Head of the Automotive Electronics Design and Development Dept. at CRF (2002-2013), where he promoted the design of IP building blocks by means of ASIC technology in cooperation with Freescale Semiconductors and Robert BOSCH for the FIAT\/Chrysler applications. Those smart drivers are the standard de-facto in automotive powertrain applications, with volumes exceeding 17 Million parts\/year. He holds more 31 patents in the field of automotive electronics and embedded systems, most of which are currently in production on passenger cars.<\/em><\/p>\n<hr \/>\n<p><strong>10:00-11:00 CET \u2013 Technical Session 1<\/strong><strong>: <em>Applications, Machine Learning and System-level Test<\/em><\/strong><\/p>\n<p><strong>Moderator<\/strong>: <em>Paolo Rech (University of Trento)<\/em><\/p>\n<p><em><strong>Presentations<\/strong><\/em>:<\/p>\n<ul>\n<li><em><strong>Towards Fast and Efficient Scenario Generation For Autonomous Vehicles<\/strong><\/em><br \/>\n<em><span style=\"text-decoration: underline;\">Haolan Liu<\/span> (University of California San Diego); Hengyu Zhao (University of California San Diego); Siva Kumar Sastry Hari (NVIDIA); Jishen Zhao (University of California San Diego)<\/em><\/li>\n<li><em><strong>Deep Learning Based Driver Model and Fault Detection for Automated Racecar System Testing<\/strong><\/em><br \/>\n<em><span style=\"text-decoration: underline;\">Yousef Abdulhammed<\/span> (BMW Motorsport); Christoph Schaefer (BMW Motorsport); Mikail Yayla (Technical University of Dortmund); Ching-Chi Lin (TU Dortmund); Jian-Jia Chen (TU Dortmund)<\/em><\/li>\n<li><em><strong>Unsupervised Clustering of Acoustic Emission Signals for Semiconductor Thin Layer Crack Detection and Damage Event Interpretation<\/strong><\/em><br \/>\n<em><span style=\"text-decoration: underline;\">Sarah Seifi<\/span> (Infineon Technologies AG); Marianne Unterreitmeier (Infineon Technologies AG); Oliver Nagler (Infineon Technologies AG)<\/em><\/li>\n<li><em><strong>Online scheduling of Memory BISTs execution at Real-Time Operating-System level<\/strong><\/em><br \/>\n<em>Francesco Angione (Politecnico Di Torino); <span style=\"text-decoration: underline;\">Paolo Bernardi<\/span> (Politecnico di Torino); Gabriele Filipponi (Politecnico di Torino); Matteo Sonza Reorda (Politecnico di Torino &#8211; DAUIN); Claudia Tempesta (Politecnico di Torino); Davide Appello (STMicroelectronics); Vincenzo Tancorre (STMicroelectronics); Roberto Ugioli (STMicroelectronics)<\/em><\/li>\n<\/ul>\n<hr \/>\n<p style=\"text-align: left;\"><strong><a id=\"invited-one\"><\/a>11:00-12:00 CET \u2013 Special Session 1:<em> Design-for-dependability for AI hardware accelerators in the edge<\/em><\/strong><\/p>\n<p style=\"text-align: left;\"><strong><em>Organizer<\/em><\/strong><em>: Haralampos Stratigopoulos<\/em><\/p>\n<p><strong>Moderator<\/strong>: <em>Marcello Traiola (Inria)<\/em><\/p>\n<p style=\"text-align: left;\"><strong><em>Abstract: <\/em><\/strong><em>AI has seen an explosion in real-world applications in the recent years. For example, it is the backbone of self-driving and connected cars. The design of AI hardware accelerators to support the intensive and memory-hungry AI workloads is an on-going effort aiming at optimizing the energy-area trade-off. This special session will focus on dependability aspects in the design of AI hardware accelerators.\u00a0 It is often tacitly assumed that neural networks on hardware inherit the remarkable fault tolerance capabilities of the biological brain. This assumption has proven to be false in recent years by a number of fault injection experiments. The three talks will cover reliability assessment and fault tolerance of Artificial Neural Networks and Spiking Neural Networks implemented in hardware, as well as the impact of approximate computing on the fault tolerance capabilities.<\/em><\/p>\n<p style=\"text-align: left;\"><strong><em>Presentations:<\/em><\/strong><\/p>\n<ul style=\"text-align: left;\">\n<li><strong><em>Fault Tolerance of Neural Network Hardware Accelerators for Autonomous Driving<br \/>\n<\/em><\/strong><em><span style=\"text-decoration: underline;\">Adrian Evans<\/span> (CEA-LETI, Grenoble, France), Lorena Anghel (Grenoble-INP, SPINTEC, Grenoble, France), and St\u00e9phane Burel (CEA-LETI, Grenoble, France)<\/em><\/li>\n<li style=\"text-align: left;\"><strong><em>Exploiting Approximate Computing for Efficient and Reliable Convolutional Neural Networks<br \/>\n<\/em><\/strong><em><span style=\"text-decoration: underline;\">Alberto Bosio<\/span> (\u00c9cole Centrale de Lyon, INL, Lyon, France)<\/em><\/li>\n<li><strong><em>Reliability Assessment and Fault Tolerance of Spiking Neural Network Hardware Accelerators<br \/>\n<\/em><\/strong><em><span style=\"text-decoration: underline;\">Haralampos-G. Stratigopoulos<\/span> (Sorbonne University, CNRS, LIP6, Paris, France)<\/em><\/li>\n<\/ul>\n<hr \/>\n<p><strong>12:00-13:00 CET \u2013 Technical Session 2: <em>Testing<\/em><\/strong><\/p>\n<p><strong>Moderator<\/strong>: <em>Melanie Schillinsky (NXP)<\/em><\/p>\n<p><strong>Presentations<\/strong>:<\/p>\n<ul>\n<li><em><strong>Perception and Reality Check into V-Stress for Screening Defective Parts in Automotive Reliability<\/strong><\/em><br \/>\n<em><span style=\"text-decoration: underline;\">Lieyi Sheng<\/span> (onsemi); Wei Pan (onsemi)<\/em><\/li>\n<li><em><strong>Power Cycling Body Diode Current Flow on SiC MOSFET Device<\/strong><\/em><br \/>\n<em><span style=\"text-decoration: underline;\">Giovanni Corrente<\/span> (STMicroelectronics Srl); Sebastiana Bentivegna (STMicroelectronics Srl); Sebastiano Russo (STMicroelectronics Srl)<\/em><\/li>\n<li><em><strong>Reducing Routing Overhead using Natural Loops<\/strong><\/em><br \/>\n<em><span style=\"text-decoration: underline;\">Tobias Kilian<\/span> (TU Munich \/ Infineon Technologies AG); Daniel Tille (Infineon Technologies); Martin Huch (Infineon Technologies); Ulf Schlichtmann (Technical University of Munich)<\/em><\/li>\n<li><em><strong>A Novel Method for Discovering Electrically Equivalent Defects in Analog\/Mixed-Signal Circuits<\/strong><\/em><br \/>\n<em><span style=\"text-decoration: underline;\">Huiping Huang<\/span> (Synopsys Inc.); Mayukh Bhattacharya (Synopsys)<\/em><\/li>\n<\/ul>\n<hr \/>\n<p><strong>14:30-15:30 CET \u2013 Technical Session 3: <em>Reliability and Safety<\/em><\/strong><\/p>\n<p><em><strong>Moderator<\/strong><\/em>: <em>Michelangelo Grosso (STMicroelectronics)<\/em><\/p>\n<p><em><strong>Presentations<\/strong><\/em>:<\/p>\n<ul>\n<li><em><strong>Improving Instruction Cache Memory Reliability under Real-Time constraints<\/strong><\/em><br \/>\n<em><span style=\"text-decoration: underline;\">Fabien Bouquillon<\/span> (Universit\u00e9 de Lille); Giuseppe Lipari (Universit\u00e9 de Lille); Smail Niar (Universit\u00e9 Polytechnique Hauts-de-France)<\/em><\/li>\n<li><em><strong>Common data language connecting HTOL testing to in-field use<\/strong><\/em><br \/>\n<em><span style=\"text-decoration: underline;\">Marc Hutner<\/span> (proteanTecs); Nir Sever (proteanTecs); Alex Burlak (proteanTecs)<\/em><\/li>\n<li><em><strong>Efficient use of on-line LogicBIST to achieve ASIL B in a GPU IP<\/strong><\/em><br \/>\n<em><span style=\"text-decoration: underline;\">Lee Harrison<\/span> (Siemens EDA); Antonio Priore (Arm)<\/em><\/li>\n<li><em><strong>Verification and Validation of Safety Element out of Context<\/strong><\/em><br \/>\n<em><span style=\"text-decoration: underline;\">Shivakumar Chonnad<\/span> (Synopsys Inc); Vladimir Litovtchenko (Synopsys GmbH)<\/em><\/li>\n<\/ul>\n<hr \/>\n<p><strong>15:30-16:10 CET \u2013 Embedded Tutorial: <em>IEEE P2851 advancements<\/em><\/strong><\/p>\n<p><em><strong>Organizer<\/strong><\/em>: <em>Jyotika Athavale (NVIDIA)<\/em><\/p>\n<p><em><strong>Moderator<\/strong><\/em>: <em>Davide Appello (STMicroelectronics)<\/em><\/p>\n<p><em><strong>Speakers<\/strong><\/em>:<\/p>\n<ul>\n<li><em>Bernhard Bauer (Synopsys, DE)<\/em><\/li>\n<li><em>Meirav Nitzan (Synopsys, US)<\/em><\/li>\n<\/ul>\n<hr \/>\n<p style=\"text-align: left;\"><strong><a id=\"invited-two\"><\/a>16:30-17:30 CET \u2013 Special Session 2: <em>The challenges of reaching zero defect and functional safety \u2013 and how the EDA industry tackles them<\/em> <\/strong><\/p>\n<p style=\"text-align: left;\"><strong><em>Organizers<\/em><\/strong><em>: Daniel Tille (Infineon), Riccardo Cantoro (Politecnico di Torino)<br \/>\n<\/em><\/p>\n<p><em><strong>Moderator<\/strong><\/em>: <em>Riccardo Cantoro (Politecnico di Torino)<\/em><\/p>\n<p style=\"text-align: left;\"><strong><em>Abstract<\/em><\/strong><em>: Automotive Microcontrollers have been becoming very complex System-on-Chips (SoCs). Especially the megatrends Assisted Driving (ADAS) and Automated Driving (AD), but also traditional applications such as power-train steering require ever-increasing functionality. However, these safety-critical environments require zero defect, and the implementation of functional safety measures and the rising complexity poses significant challenges to satisfy these requirements. This special session addresses these challenges and shows potential solutions to overcome them with the help of the EDA industry.<\/em><\/p>\n<p style=\"text-align: left;\"><strong><em>Presentations:<\/em><\/strong><\/p>\n<ul style=\"text-align: left;\">\n<li><strong><em>Automated solutions for safety and security vulnerabilities<br \/>\n<\/em><\/strong><em><span style=\"text-decoration: underline;\">Teo Cupaiuolo<\/span> (Synopsys)<\/em><\/li>\n<li><strong><em>Functional Safety: an EDA perspective<br \/>\n<\/em><\/strong><em><span style=\"text-decoration: underline;\">Alessandra Nardi<\/span> (Cadence)<\/em><\/li>\n<li><strong><em>The Zero Defect Goal For Automotive ICs<\/em><\/strong><br \/>\n<em><span style=\"text-decoration: underline;\">Lee Harrison<\/span>, Nilanjan Mukherjee (Siemens)<\/em><\/li>\n<\/ul>\n<hr \/>\n<p style=\"text-align: left;\"><strong><a id=\"panel\"><\/a>17:30-18:30 CET \u2013 Panel:<em> What are the limitations of EDA tools with respect to zero defects and FuSa?<\/em><\/strong><\/p>\n<p style=\"text-align: left;\"><strong><em>Organizer<\/em><\/strong><em>: Davide Appello (STMicroelectronics)<br \/>\n<\/em><\/p>\n<p style=\"text-align: left;\"><strong><em>Moderator<\/em><\/strong><em>: Wim Dobbelaere (onsemi)<br \/>\n<\/em><\/p>\n<p style=\"text-align: left;\"><strong><em>Abstract<\/em><\/strong><em>: High quality demanding products segments like automotive, transportation, and aerospace have been characterized by persistent needs across several years:<br \/>\n&#8211; Zero defects, or in general very low defective levels<br \/>\n&#8211; Accurate modeling and prediction of product reliability<br \/>\nThe sustainability of these objectives is challenged by the relentless demand of higher performances products and the consequent access to higher complexities and advanced technology nodes.<br \/>\nFunctional safety standards and requirements aim to grant the usability of products in safety-critical applications and add several requirements whose satisfaction is a key criticality during the development of a new product.<br \/>\nThe proposed panel session would like to debate with the experts about how much the available EDA tools are effectively helping to face the described challenges.<br \/>\nAs an example, these are suitable questions that anyone in the field may need answering:<br \/>\n&#8211; How does EDA help effectively resolve \u201cend-to-end\u201d the traceability of defined requirements? Is this representing a sustainable effort?<br \/>\n&#8211; Is DFT effective enough in addressing fault models to reach target quality?<br \/>\n&#8211; Is verification\/simulation\/validation effective respect transient mode?<br \/>\n<\/em><\/p>\n<p style=\"text-align: left;\"><em><strong>Panelists<\/strong>:<\/em><\/p>\n<ul>\n<li style=\"text-align: left;\"><em>Jim Dodrill (ARM)<\/em><\/li>\n<li style=\"text-align: left;\"><em>Georges Gielen (KU Leuven)<\/em><\/li>\n<li style=\"text-align: left;\"><em>Chen He (NXP) <\/em><\/li>\n<li style=\"text-align: left;\"><em>Mauro Pipponzi (ELES) <\/em><\/li>\n<li style=\"text-align: left;\"><em>Vladimir Zivkivic (Infineon) <\/em><\/li>\n<li style=\"text-align: left;\"><em>Om Ranjan (STMicroelectronics)<\/em><\/li>\n<\/ul>\n<hr \/>\n<p><strong>18:30-18:45 CET \u2013 Closing<\/strong><\/p>\n<p><em><strong>Chairs<\/strong><\/em>:<\/p>\n<ul>\n<li>Paolo Bernardi (Politecnico di Torino)<\/li>\n<li>Yervant Zorian (Synopsys)<\/li>\n<li>Riccardo Cantoro (Politecnico di Torino)<\/li>\n<li>Wim Dobbelaere (onsemi)<\/li>\n<\/ul>\n","protected":false},"excerpt":{"rendered":"<p>&nbsp; Morning sessions 8:30 &#8211; 8:40 CET Opening 8:40 &#8211; 9:40 CET Keynote: From combustion towards electrical cars 9:40 &#8211; 10:00 CET Break 10:00 &#8211; 11:00 CET Technical Session 1: Applications, Machine Learning and System-level Test 11:00 &#8211; 12:00 CET Special Session 1: Design-for-dependability for AI hardware accelerators in the edge 12:00 &#8211; 13:00 CET&hellip;&nbsp;<a href=\"https:\/\/cas.polito.it\/eARTS2022\/index.php\/advance-program\/\" class=\"\" rel=\"bookmark\">Read More &raquo;<span class=\"screen-reader-text\">Advance Program<\/span><\/a><\/p>\n","protected":false},"author":2,"featured_media":0,"parent":0,"menu_order":0,"comment_status":"closed","ping_status":"closed","template":"","meta":{"neve_meta_sidebar":"full-width","neve_meta_container":"contained","neve_meta_enable_content_width":"on","neve_meta_content_width":100,"neve_meta_title_alignment":"","neve_meta_author_avatar":"","neve_post_elements_order":"","neve_meta_disable_header":"","neve_meta_disable_footer":"","neve_meta_disable_title":""},"_links":{"self":[{"href":"https:\/\/cas.polito.it\/eARTS2022\/index.php\/wp-json\/wp\/v2\/pages\/190"}],"collection":[{"href":"https:\/\/cas.polito.it\/eARTS2022\/index.php\/wp-json\/wp\/v2\/pages"}],"about":[{"href":"https:\/\/cas.polito.it\/eARTS2022\/index.php\/wp-json\/wp\/v2\/types\/page"}],"author":[{"embeddable":true,"href":"https:\/\/cas.polito.it\/eARTS2022\/index.php\/wp-json\/wp\/v2\/users\/2"}],"replies":[{"embeddable":true,"href":"https:\/\/cas.polito.it\/eARTS2022\/index.php\/wp-json\/wp\/v2\/comments?post=190"}],"version-history":[{"count":63,"href":"https:\/\/cas.polito.it\/eARTS2022\/index.php\/wp-json\/wp\/v2\/pages\/190\/revisions"}],"predecessor-version":[{"id":409,"href":"https:\/\/cas.polito.it\/eARTS2022\/index.php\/wp-json\/wp\/v2\/pages\/190\/revisions\/409"}],"wp:attachment":[{"href":"https:\/\/cas.polito.it\/eARTS2022\/index.php\/wp-json\/wp\/v2\/media?parent=190"}],"curies":[{"name":"wp","href":"https:\/\/api.w.org\/{rel}","templated":true}]}}