{"id":41,"date":"2023-12-26T15:36:48","date_gmt":"2023-12-26T15:36:48","guid":{"rendered":"http:\/\/prova-ai-treats.local\/?page_id=41"},"modified":"2024-04-30T07:25:45","modified_gmt":"2024-04-30T07:25:45","slug":"organizing-committee","status":"publish","type":"page","link":"https:\/\/cas.polito.it\/AI_TREATS_24\/index.php\/organizing-committee\/","title":{"rendered":"Organizing Committee"},"content":{"rendered":"\n<p><strong>Program Chairs<\/strong><\/p>\n\n\n\n<p>Annachiara Ruospo (Politecnico di Torino, IT)<\/p>\n\n\n\n<p>Haralampos-G. Stratigopoulos (Sorbonne Universit\u00e9, CNRS, LIP6, FR)<\/p>\n\n\n\n<p><\/p>\n\n\n\n<p><\/p>\n\n\n\n<p><strong>Panel Chair<\/strong><\/p>\n\n\n\n<p>Mehdi Tahoori (KIT, GE)<\/p>\n\n\n\n<p><\/p>\n\n\n\n<p><\/p>\n\n\n\n<p><strong>Web &amp; Publicity Chair <\/strong><\/p>\n\n\n\n<p>Nicol\u00f2 Bellarmino (Politecnico di Torino, IT)<\/p>\n\n\n\n<p><\/p>\n\n\n\n<p><\/p>\n\n\n\n<p><strong>Steering Committee<\/strong><\/p>\n\n\n\n<p>Haralampos-G. Stratigopoulos (Sorbonne Universit\u00e9, CNRS, LIP6, FR)<\/p>\n\n\n\n<p>Ioana Vatajelu (Universit\u00e9 Grenoble-Alpes INP, CNRS, TIMA, FR)<\/p>\n\n\n\n<p>Fei Su (Intel, USA)<\/p>\n\n\n\n<p>Martin Andraud (Aalto University, FI)<\/p>\n\n\n\n<p><\/p>\n\n\n\n<p><\/p>\n\n\n\n<p><strong>Program Committee<\/strong><\/p>\n\n\n\n<p>Sohrab Aftabjahani (Intel, US)<\/p>\n\n\n\n<p>Ihsen Alouani (Queen\u2019s University Belfast, UK)<\/p>\n\n\n\n<p>Kanad Basu (The University of Texas at Dallas, US)<\/p>\n\n\n\n<p>Alberto Bosio (\u00c9cole Centrale de Lyon, INL, FR)<\/p>\n\n\n\n<p>Fernando Fernandes Dos Santos (University of Rennes, IRISA, FR)<\/p>\n\n\n\n<p>Farimah Farahmandi (University of Florida, US)<\/p>\n\n\n\n<p>Said Hamdioui (TU Delft, NL)<\/p>\n\n\n\n<p>Maksim Jennihin (Tallinn University of Technology, EE)<\/p>\n\n\n\n<p>Angeliki Kritikakou (University of Rennes, IRISA, FR)<\/p>\n\n\n\n<p>Yanjing Li (University of Chicago, US)<\/p>\n\n\n\n<p>Riccardo Mariani (NVIDIA, US)<\/p>\n\n\n\n<p>Alain Pagani (German Research Center for Artificial Intelligence DFKI, GR)<\/p>\n\n\n\n<p>Karthik Pattabiraman (The University of British Columbia, CA)<\/p>\n\n\n\n<p>Paolo Rech (University of Trento, IT)<\/p>\n\n\n\n<p>Josie Esteban Rodriguez Condia (Politecnico di Torino, IT)<\/p>\n\n\n\n<p>Ernesto Sanchez (Politecnico di Torino, IT)<\/p>\n\n\n\n<p>Mottaqiallah Taouil (TU Delft, NL) <\/p>\n\n\n\n<p>Marcello Traiola (University of Rennes, IRISA, FR)<\/p>\n","protected":false},"excerpt":{"rendered":"<p>Program Chairs Annachiara Ruospo (Politecnico di Torino, IT) Haralampos-G. Stratigopoulos (Sorbonne Universit\u00e9, CNRS, LIP6, FR) Panel Chair Mehdi Tahoori (KIT, GE) Web &amp; Publicity Chair Nicol\u00f2 Bellarmino (Politecnico di Torino, IT) Steering Committee Haralampos-G. Stratigopoulos (Sorbonne Universit\u00e9, CNRS, LIP6, FR) Ioana Vatajelu (Universit\u00e9 Grenoble-Alpes INP, CNRS, TIMA, FR) Fei Su (Intel, USA) Martin Andraud (Aalto [&hellip;]<\/p>\n","protected":false},"author":1,"featured_media":0,"parent":0,"menu_order":0,"comment_status":"closed","ping_status":"closed","template":"","meta":{"footnotes":""},"_links":{"self":[{"href":"https:\/\/cas.polito.it\/AI_TREATS_24\/index.php\/wp-json\/wp\/v2\/pages\/41"}],"collection":[{"href":"https:\/\/cas.polito.it\/AI_TREATS_24\/index.php\/wp-json\/wp\/v2\/pages"}],"about":[{"href":"https:\/\/cas.polito.it\/AI_TREATS_24\/index.php\/wp-json\/wp\/v2\/types\/page"}],"author":[{"embeddable":true,"href":"https:\/\/cas.polito.it\/AI_TREATS_24\/index.php\/wp-json\/wp\/v2\/users\/1"}],"replies":[{"embeddable":true,"href":"https:\/\/cas.polito.it\/AI_TREATS_24\/index.php\/wp-json\/wp\/v2\/comments?post=41"}],"version-history":[{"count":16,"href":"https:\/\/cas.polito.it\/AI_TREATS_24\/index.php\/wp-json\/wp\/v2\/pages\/41\/revisions"}],"predecessor-version":[{"id":216,"href":"https:\/\/cas.polito.it\/AI_TREATS_24\/index.php\/wp-json\/wp\/v2\/pages\/41\/revisions\/216"}],"wp:attachment":[{"href":"https:\/\/cas.polito.it\/AI_TREATS_24\/index.php\/wp-json\/wp\/v2\/media?parent=41"}],"curies":[{"name":"wp","href":"https:\/\/api.w.org\/{rel}","templated":true}]}}